{"id":62,"date":"2022-06-16T23:31:16","date_gmt":"2022-06-16T23:31:16","guid":{"rendered":"https:\/\/cantoyafest.mx\/?page_id=62"},"modified":"2023-07-25T18:36:07","modified_gmt":"2023-07-25T18:36:07","slug":"hoteles","status":"publish","type":"page","link":"https:\/\/cantoyafest.mx\/index.php\/hoteles\/","title":{"rendered":"HOTELES"},"content":{"rendered":"<table border=\"0\" width=\"950\" cellspacing=\"0\" cellpadding=\"0\">\n<colgroup>\n<col width=\"244\" \/>\n<col width=\"164\" \/>\n<col width=\"124\" \/>\n<col width=\"127\" \/>\n<col width=\"120\" \/>\n<col width=\"171\" \/><\/colgroup>\n<tbody>\n<tr>\n<td width=\"244\" height=\"40\">HOTEL<\/td>\n<td width=\"164\">DIRECCI\u00d3N<\/td>\n<td width=\"124\">CATEGOR\u00cdA<\/td>\n<td width=\"127\">TARIFA PROMEDIO<\/td>\n<td width=\"120\">TOTAL DE HABITACIONES<\/td>\n<td width=\"171\">TEL\u00c9FONO<\/td>\n<\/tr>\n<tr>\n<td width=\"244\" height=\"40\">CASA DE LA REAL ADUANA<\/td>\n<td width=\"164\">PONCE DE LEON #16<\/td>\n<td width=\"124\">CATEGORIA ESPECIAL<\/td>\n<td width=\"127\">$3,000.00<\/td>\n<td width=\"120\">4<\/td>\n<td width=\"171\">(434)3420265<\/td>\n<\/tr>\n<tr>\n<td width=\"244\" height=\"40\">HOTEL LA SIRANDA<\/td>\n<td width=\"164\">DR. COSS #17<\/td>\n<td width=\"124\">CATEGORIA ESPECIAL<\/td>\n<td width=\"127\">$4,000.00<\/td>\n<td width=\"120\">5<\/td>\n<td width=\"171\">(434)3426717<\/td>\n<\/tr>\n<tr>\n<td width=\"244\" height=\"40\">LA CASA ENCANTADA<\/td>\n<td width=\"164\">DR. COSS #15<\/td>\n<td width=\"124\">CATEGORIA ESPECIAL<\/td>\n<td width=\"127\">$1,175.00<\/td>\n<td width=\"120\">14<\/td>\n<td width=\"171\">(434)3423492<\/td>\n<\/tr>\n<tr>\n<td width=\"244\" height=\"40\">ESTANCIA LA ERA<\/td>\n<td width=\"164\">ESPEJO #160<\/td>\n<td width=\"124\">HOTEL BOUTIQUE<\/td>\n<td width=\"127\">$1,295.00<\/td>\n<td width=\"120\">7<\/td>\n<td width=\"171\">4343427801<\/td>\n<\/tr>\n<tr>\n<td width=\"244\" height=\"40\">LA CASA DEL REFUGIO<\/td>\n<td width=\"164\">PORTA REGULES NUM 3 Y BENITO MENDOZA #33<\/td>\n<td width=\"124\">4<\/td>\n<td width=\"127\">$1,300.00<\/td>\n<td width=\"120\">23<\/td>\n<td width=\"171\">(434)3425505<\/td>\n<\/tr>\n<tr>\n<td width=\"244\" height=\"40\">LA PARROQUIA<\/td>\n<td width=\"164\">PLAZA GERTRUDIS<\/td>\n<td width=\"124\">4<\/td>\n<td width=\"127\">$650.00<\/td>\n<td width=\"120\">60<\/td>\n<td width=\"171\">(434)3425280<\/td>\n<\/tr>\n<tr>\n<td width=\"244\" height=\"40\">MANSION ITURBE<\/td>\n<td width=\"164\">PORTAL MORELOS #59<\/td>\n<td width=\"124\">4<\/td>\n<td width=\"127\">$1,500.00<\/td>\n<td width=\"120\">12<\/td>\n<td width=\"171\">(434)3420368<\/td>\n<\/tr>\n<tr>\n<td width=\"244\" height=\"40\">HOTEL-SPA CAMPANARIO DE SAN JUAN<\/td>\n<td width=\"164\">CALLE ROMERO #48<\/td>\n<td width=\"124\">4<\/td>\n<td width=\"127\">$650.00<\/td>\n<td width=\"120\">27<\/td>\n<td width=\"171\">(434)3422463<\/td>\n<\/tr>\n<tr>\n<td width=\"244\" height=\"40\">POSADA LA BASILICA<\/td>\n<td width=\"164\">CALLE ARCIGA #6<\/td>\n<td width=\"124\">4<\/td>\n<td width=\"127\">$1,600.00<\/td>\n<td width=\"120\">12<\/td>\n<td width=\"171\">(434)3421108<\/td>\n<\/tr>\n<tr>\n<td width=\"244\" height=\"40\">HOTEL BOUTIQUE CASA LEAL<\/td>\n<td width=\"164\">PORTUGAL #1 COL. CENTRO<\/td>\n<td width=\"124\">HOTEL BOUTIQUE<\/td>\n<td width=\"127\">$1,500.00<\/td>\n<td width=\"120\">14<\/td>\n<td width=\"171\">(434)3421106<\/td>\n<\/tr>\n<tr>\n<td width=\"244\" height=\"40\">HOTEL PATZCUARO<\/td>\n<td width=\"164\">RAMOS #9 CENTRO<\/td>\n<td width=\"124\">4<\/td>\n<td width=\"127\">$400.00<\/td>\n<td width=\"120\">17<\/td>\n<td width=\"171\">(434)3420807<\/td>\n<\/tr>\n<tr>\n<td width=\"244\" height=\"40\">RINCON DE JOSEFA<\/td>\n<td width=\"164\">ITURBE #29<\/td>\n<td width=\"124\">4<\/td>\n<td width=\"127\">$600.00<\/td>\n<td width=\"120\">43<\/td>\n<td width=\"171\">(434)3425502<\/td>\n<\/tr>\n<tr>\n<td width=\"244\" height=\"40\">HOTEL HOSTERIA DE SAN<\/td>\n<td width=\"164\">AV. LAZARO CARDENAS<\/td>\n<td width=\"124\">4<\/td>\n<td width=\"127\">$900.00<\/td>\n<td width=\"120\">23<\/td>\n<td width=\"171\">(434)3421298<\/td>\n<\/tr>\n<tr>\n<td width=\"244\" height=\"40\">HOTEL MISI\u00d3N CENTRO<\/td>\n<td width=\"164\">OBREGON #10<\/td>\n<td width=\"124\">4<\/td>\n<td width=\"127\">$900.00<\/td>\n<td width=\"120\">82<\/td>\n<td width=\"171\">(434) 3421037<\/td>\n<\/tr>\n<tr>\n<td width=\"244\" height=\"40\">POSADA SAN PABLO<\/td>\n<td width=\"164\">INDUSTRIA #15<\/td>\n<td width=\"124\">4<\/td>\n<td width=\"127\">$600.00<\/td>\n<td width=\"120\">9<\/td>\n<td width=\"171\">(434)3420667<\/td>\n<\/tr>\n<tr>\n<td width=\"244\" height=\"40\">HOTEL PLAZA VASCO<\/td>\n<td width=\"164\">PLAZA VASCO DE QUIROGA<\/td>\n<td width=\"124\">4<\/td>\n<td width=\"127\">$800.00<\/td>\n<td width=\"120\">9<\/td>\n<td width=\"171\">(434)3420847<\/td>\n<\/tr>\n<tr>\n<td width=\"244\" height=\"40\">HOTEL CASA BAEZ<\/td>\n<td width=\"164\">PORTAL HIDALGO # 73 B<\/td>\n<td width=\"124\">4<\/td>\n<td width=\"127\">$800.00<\/td>\n<td width=\"120\">13<\/td>\n<td width=\"171\">4343425975<\/td>\n<\/tr>\n<tr>\n<td width=\"244\" height=\"40\">HOTEL LOS ESCUDOS<\/td>\n<td width=\"164\">PORTAL HIDALGO # 73<\/td>\n<td width=\"124\">4<\/td>\n<td width=\"127\">$700.00<\/td>\n<td width=\"120\">24<\/td>\n<td width=\"171\">(434)3421290<\/td>\n<\/tr>\n<tr>\n<td width=\"244\" height=\"40\">POSADA DE LA SALUD<\/td>\n<td width=\"164\">SERRATO #9<\/td>\n<td width=\"124\">3<\/td>\n<td width=\"127\">$500.00<\/td>\n<td width=\"120\">12<\/td>\n<td width=\"171\">(434)3420058<\/td>\n<\/tr>\n<tr>\n<td width=\"244\" height=\"40\">GRAN HOTEL<\/td>\n<td width=\"164\">PLAZA GERTRUDIS<\/td>\n<td width=\"124\">3<\/td>\n<td width=\"127\">$850.00<\/td>\n<td width=\"120\">22<\/td>\n<td width=\"171\">(434)3420443<\/td>\n<\/tr>\n<tr>\n<td width=\"244\" height=\"40\">HOTEL DE LA CONCORDIA<\/td>\n<td width=\"164\">PORTAL JUAREZ #31<\/td>\n<td width=\"124\">3<\/td>\n<td width=\"127\">$800.00<\/td>\n<td width=\"120\">27<\/td>\n<td width=\"171\">(434)3420003<\/td>\n<\/tr>\n<tr>\n<td width=\"244\" height=\"40\">HOTEL ESPEJO<\/td>\n<td width=\"164\">ESPEJO #29<\/td>\n<td width=\"124\">3<\/td>\n<td width=\"127\">$500.00<\/td>\n<td width=\"120\">16<\/td>\n<td width=\"171\">(434)3423389<\/td>\n<\/tr>\n<tr>\n<td width=\"244\" height=\"40\">HOTEL SAN GABRIEL<\/td>\n<td width=\"164\">NAVARRETE #57<\/td>\n<td width=\"124\">3<\/td>\n<td width=\"127\">$500.00<\/td>\n<td width=\"120\">19<\/td>\n<td width=\"171\">(434)3425070<\/td>\n<\/tr>\n<tr>\n<td width=\"244\" height=\"40\">MESON DE SAN ANTONIO<\/td>\n<td width=\"164\">SERRATO #33<\/td>\n<td width=\"124\">3<\/td>\n<td width=\"127\">$1,300.00<\/td>\n<td width=\"120\">7<\/td>\n<td width=\"171\">(434)3422501<\/td>\n<\/tr>\n<tr>\n<td width=\"244\" height=\"40\">MISION SAN MANUEL<\/td>\n<td width=\"164\">PORTAL ALDAMA #12<\/td>\n<td width=\"124\">3<\/td>\n<td width=\"127\">$600.00<\/td>\n<td width=\"120\">36<\/td>\n<td width=\"171\">(434)1175558\/4341193383<\/td>\n<\/tr>\n<tr>\n<td width=\"244\" height=\"40\">POSADA DE LA TERRAZA<\/td>\n<td width=\"164\">BENITO JUAREZ #46<\/td>\n<td width=\"124\">3<\/td>\n<td width=\"127\">$500.00<\/td>\n<td width=\"120\">15<\/td>\n<td width=\"171\">(434)3421027<\/td>\n<\/tr>\n<tr>\n<td width=\"244\" height=\"40\">POSADA MANDALA<\/td>\n<td width=\"164\">LERIN #14<\/td>\n<td width=\"124\">3<\/td>\n<td width=\"127\">$500.00<\/td>\n<td width=\"120\">5<\/td>\n<td width=\"171\">(434)3424176<\/td>\n<\/tr>\n<tr>\n<td width=\"244\" height=\"40\">POSADA YOLIHUANI<\/td>\n<td width=\"164\">DR.COSS #40<\/td>\n<td width=\"124\">4<\/td>\n<td width=\"127\">$1,300.00<\/td>\n<td width=\"120\">10<\/td>\n<td width=\"171\">(434)3421666<\/td>\n<\/tr>\n<tr>\n<td width=\"244\" height=\"40\">HOTEL VALMEN<\/td>\n<td width=\"164\">LLOREDA y AHUMADA #34-B<\/td>\n<td width=\"124\">3<\/td>\n<td width=\"127\">$500.00<\/td>\n<td width=\"120\">16<\/td>\n<td width=\"171\">(434)3421161<\/td>\n<\/tr>\n<tr>\n<td width=\"244\" height=\"40\">HOTEL PUEBLO MAGICO<\/td>\n<td width=\"164\">IBARRA #81<\/td>\n<td width=\"124\">4<\/td>\n<td width=\"127\">$900.00<\/td>\n<td width=\"120\">20<\/td>\n<td width=\"171\">(434)3421162<\/td>\n<\/tr>\n<tr>\n<td width=\"244\" height=\"40\">LA CASITA DE ROSI<\/td>\n<td width=\"164\">PORTAL PUEBLITA #7<\/td>\n<td width=\"124\">3<\/td>\n<td width=\"127\"><\/td>\n<td width=\"120\">6<\/td>\n<td width=\"171\">(434)3426686<\/td>\n<\/tr>\n<tr>\n<td width=\"244\" height=\"40\">HOTEL LOS ANGELES<\/td>\n<td width=\"164\">OBREGON #34 COL. CENTRO<\/td>\n<td width=\"124\">3<\/td>\n<td width=\"127\">$500.00<\/td>\n<td width=\"120\">6<\/td>\n<td width=\"171\">(434)3424067<\/td>\n<\/tr>\n<tr>\n<td width=\"244\" height=\"40\">HOTEL PATZCUARO<\/td>\n<td width=\"164\">RAMOS #9<\/td>\n<td width=\"124\">3<\/td>\n<td width=\"127\">$460.00<\/td>\n<td width=\"120\">14<\/td>\n<td width=\"171\">(434)3420807<\/td>\n<\/tr>\n<tr>\n<td width=\"244\" height=\"40\">POSADA SAN ALEJANDRO<\/td>\n<td width=\"164\">SERRATO #5-A<\/td>\n<td width=\"124\">3<\/td>\n<td width=\"127\">$500.00<\/td>\n<td width=\"120\">12<\/td>\n<td width=\"171\">(434)3426133<\/td>\n<\/tr>\n<tr>\n<td width=\"244\" height=\"40\">POSADA SAN RAFAEL<\/td>\n<td width=\"164\">PORTAL ALDAMA #15<\/td>\n<td width=\"124\">3<\/td>\n<td width=\"127\">$1900.00<\/td>\n<td width=\"120\">64<\/td>\n<td width=\"171\">(434)3420770<\/td>\n<\/tr>\n<tr>\n<td width=\"244\" height=\"40\">POSADA DON VASCO<\/td>\n<td width=\"164\">AV. LAZARO CARDENAS<\/td>\n<td width=\"124\">4<\/td>\n<td width=\"127\">$750.00<\/td>\n<td width=\"120\">102<\/td>\n<td width=\"171\">(434)3420227<\/td>\n<\/tr>\n<tr>\n<td width=\"244\" height=\"40\">HOTEL REFUGIO DEL ANGEL<\/td>\n<td width=\"164\">RAMOS #1-C<\/td>\n<td width=\"124\">4<\/td>\n<td width=\"127\">$1,200.00<\/td>\n<td width=\"120\">23<\/td>\n<td width=\"171\">(434)3423145<\/td>\n<\/tr>\n<tr>\n<td width=\"244\" height=\"40\">POSADA AHUMADA<\/td>\n<td width=\"164\">AHUMADA #76<\/td>\n<td width=\"124\">3<\/td>\n<td width=\"127\">$400.00<\/td>\n<td width=\"120\">16<\/td>\n<td width=\"171\">(434)3426419<\/td>\n<\/tr>\n<tr>\n<td width=\"244\" height=\"40\">POSADA CAMELINAS<\/td>\n<td width=\"164\">PRIV. EFREN URINCHO #17<\/td>\n<td width=\"124\">3<\/td>\n<td width=\"127\">$550.00<\/td>\n<td width=\"120\">44<\/td>\n<td width=\"171\">(434)3421747<\/td>\n<\/tr>\n<tr>\n<td width=\"244\" height=\"40\">PEDREGAL DE SAN LUIS<\/td>\n<td width=\"164\">BENITO JUAREZ #12<\/td>\n<td width=\"124\">3<\/td>\n<td width=\"127\">$600.00<\/td>\n<td width=\"120\">8<\/td>\n<td width=\"171\">(434)3422722<\/td>\n<\/tr>\n<tr>\n<td width=\"244\" height=\"40\">POSADA DE LOS ANGELES<\/td>\n<td width=\"164\">TITERE #17<\/td>\n<td width=\"124\">3<\/td>\n<td width=\"127\">$500.00<\/td>\n<td width=\"120\">10<\/td>\n<td width=\"171\">(434)3422440<\/td>\n<\/tr>\n<tr>\n<td width=\"244\" height=\"40\">POSADA SAN AGUSTIN<\/td>\n<td width=\"164\">PORTAL JUAREZ #27<\/td>\n<td width=\"124\">2<\/td>\n<td width=\"127\">$450.00<\/td>\n<td width=\"120\">18<\/td>\n<td width=\"171\">(434)3420442<\/td>\n<\/tr>\n<tr>\n<td width=\"244\" height=\"40\">EL ARTILLERO<\/td>\n<td width=\"164\">CODALLOS #22 ESQ. IBARRA<\/td>\n<td width=\"124\">2<\/td>\n<td width=\"127\">$350.00<\/td>\n<td width=\"120\">20<\/td>\n<td width=\"171\">(434)3421331<\/td>\n<\/tr>\n<tr>\n<td width=\"244\" height=\"40\">HOTEL APO-PAO<\/td>\n<td width=\"164\">AV. LAZARO CARDENAS<\/td>\n<td width=\"124\">2<\/td>\n<td width=\"127\">$400.00<\/td>\n<td width=\"120\">24<\/td>\n<td width=\"171\">(434)3420601<\/td>\n<\/tr>\n<tr>\n<td width=\"244\" height=\"40\">POSADA LOS NOGALES<\/td>\n<td width=\"164\">AV. LAZARO CARDENAS<\/td>\n<td width=\"124\">3<\/td>\n<td width=\"127\">$500.00<\/td>\n<td width=\"120\">23<\/td>\n<td width=\"171\">(434)3421300<\/td>\n<\/tr>\n<tr>\n<td width=\"244\" height=\"40\">HOTEL VILLA PATZCUARO<\/td>\n<td width=\"164\">AV. LAZARO CARDENAS #508<\/td>\n<td width=\"124\">4<\/td>\n<td width=\"127\">$1,000.00<\/td>\n<td width=\"120\">12<\/td>\n<td width=\"171\">(434)3420767<\/td>\n<\/tr>\n<tr>\n<td width=\"244\" height=\"40\">HOTEL LAS REDES<\/td>\n<td width=\"164\">AV.LAS AMERICAS N#6 COL.<\/td>\n<td width=\"124\">3<\/td>\n<td width=\"127\">$400.00<\/td>\n<td width=\"120\">15<\/td>\n<td width=\"171\">(434)3421275<\/td>\n<\/tr>\n<tr>\n<td width=\"244\" height=\"40\">HOTEL CASA GRACIELA<\/td>\n<td width=\"164\">SERRATO #23<\/td>\n<td width=\"124\">HOTEL BOUTIQUE<\/td>\n<td width=\"127\">$850.00<\/td>\n<td width=\"120\">34<\/td>\n<td width=\"171\">(434)1170114 &#8211; 4521891578<\/td>\n<\/tr>\n<tr>\n<td width=\"244\" height=\"40\">HOTEL REAL PATZCUARO<\/td>\n<td width=\"164\">LIB. IGNACIO ZARAGOZA<\/td>\n<td width=\"124\">2<\/td>\n<td width=\"127\">$350.00<\/td>\n<td width=\"120\">33<\/td>\n<td width=\"171\">(343)3420554<\/td>\n<\/tr>\n<tr>\n<td width=\"244\" height=\"40\">HOTEL ECOLOGICO IXHI<\/td>\n<td width=\"164\">SUBIDA AL ESTRIBO<\/td>\n<td width=\"124\">4<\/td>\n<td width=\"127\">$2,000.00<\/td>\n<td width=\"120\">20<\/td>\n<td width=\"171\">(434)3426807<\/td>\n<\/tr>\n<tr>\n<td width=\"244\" height=\"40\">HOTEL PORTON DEL CIELO<\/td>\n<td width=\"164\">SUBIDA AL ESTRIBO GDE.<\/td>\n<td width=\"124\">CATEGORIA ESPECIAL<\/td>\n<td width=\"127\">variable<\/td>\n<td width=\"120\">17<\/td>\n<td width=\"171\">(434)3427511<\/td>\n<\/tr>\n<tr>\n<td width=\"244\" height=\"40\">HOTEL CASA DEL NARANJO<\/td>\n<td width=\"164\">PLAZA VASCO DE QUIROGA<\/td>\n<td width=\"124\">HOTEL BOUTIQUE<\/td>\n<td width=\"127\">$1,800.00<\/td>\n<td width=\"120\">9<\/td>\n<td width=\"171\">(434)3420885<\/td>\n<\/tr>\n<tr>\n<td width=\"244\" height=\"40\">CASA B&amp;B<\/td>\n<td width=\"164\">NAVARRETE #27<\/td>\n<td width=\"124\">4<\/td>\n<td width=\"127\">$1,800.00<\/td>\n<td width=\"120\">8<\/td>\n<td width=\"171\">(434)3421121<\/td>\n<\/tr>\n<tr>\n<td width=\"244\" height=\"40\">HOTEL DE LA ROSA<\/td>\n<td width=\"164\">PORTAL JUAREZ #29<\/td>\n<td width=\"124\">2<\/td>\n<td width=\"127\">variable<\/td>\n<td width=\"120\">11<\/td>\n<td width=\"171\">(434)3420811 y 8184699174<\/td>\n<\/tr>\n<tr>\n<td width=\"244\" height=\"40\">CABA\u00d1AS RANCHO LA MESA<\/td>\n<td width=\"164\">CARRETERA PATZ-STA<\/td>\n<td width=\"124\">4<\/td>\n<td width=\"127\">variable<\/td>\n<td width=\"120\">6<\/td>\n<td width=\"171\">4343450145<\/td>\n<\/tr>\n<tr>\n<td width=\"244\" height=\"40\">HOTEL MIRADOR DEL LAGO<\/td>\n<td width=\"164\">LIB. IGNACIO ZARAGOZA<\/td>\n<td width=\"124\">3<\/td>\n<td width=\"127\">$850.00<\/td>\n<td width=\"120\">15<\/td>\n<td width=\"171\">(434)3422209<\/td>\n<\/tr>\n<tr>\n<td width=\"244\" height=\"40\">HOTEL RINCON DEL LAGO<\/td>\n<td width=\"164\">AV. MUELLE SAN PEDRITO<\/td>\n<td width=\"124\">2<\/td>\n<td width=\"127\">$400.00<\/td>\n<td width=\"120\">24<\/td>\n<td width=\"171\">(434)3423169<\/td>\n<\/tr>\n<tr>\n<td width=\"244\" height=\"40\">HOTEL CHALAMU<\/td>\n<td width=\"164\">CARR.PATZ.MORELIA KM.2<\/td>\n<td width=\"124\">3<\/td>\n<td width=\"127\">$500.00<\/td>\n<td width=\"120\">10<\/td>\n<td width=\"171\">(434)3420948<\/td>\n<\/tr>\n<tr>\n<td width=\"244\" height=\"40\">MANSI\u00d3N BUGAMBILIAS<\/td>\n<td width=\"164\">AV. LAZARO CARDENAS<\/td>\n<td width=\"124\"><\/td>\n<td width=\"127\"><\/td>\n<td width=\"120\">11<\/td>\n<td width=\"171\">4435425150<\/td>\n<\/tr>\n<tr>\n<td width=\"244\" height=\"40\">HOTEL BELLA VISTA<\/td>\n<td width=\"164\">LIBRAMIENTO IGNACIO<\/td>\n<td width=\"124\">3<\/td>\n<td width=\"127\">$500.00<\/td>\n<td width=\"120\">7<\/td>\n<td width=\"171\">4341144909<\/td>\n<\/tr>\n<tr>\n<td width=\"244\" height=\"40\">POSADA SANTA ELENA<\/td>\n<td width=\"164\">NOGAL N# 15<\/td>\n<td width=\"124\">2<\/td>\n<td width=\"127\">$400.00<\/td>\n<td width=\"120\">16<\/td>\n<td width=\"171\">(434)3424701<\/td>\n<\/tr>\n<tr>\n<td width=\"244\" height=\"40\">HOTEL SPA. HACIENDA<\/td>\n<td width=\"164\">CARRETERA PATZ-STA CLARA KM. 3<\/td>\n<td width=\"124\">4<\/td>\n<td width=\"127\">$1,200.00<\/td>\n<td width=\"120\">12<\/td>\n<td width=\"171\">4343424728<\/td>\n<\/tr>\n<tr>\n<td width=\"244\" height=\"40\">HOTEL MANSION DEL VIRREY<\/td>\n<td width=\"164\">MORELIA ESQ. CON PUEBLA<\/td>\n<td width=\"124\">3<\/td>\n<td width=\"127\">$1,200.00<\/td>\n<td width=\"120\">9<\/td>\n<td width=\"171\">(443)3330360 \/ 4343424647<\/td>\n<\/tr>\n<tr>\n<td width=\"244\" height=\"40\">APUPATO CABA\u00d1AS RUSTICAS<\/td>\n<td width=\"164\">AV. MUELLE SAN PEDRITO SN<\/td>\n<td width=\"124\">CABA\u00d1AS<\/td>\n<td width=\"127\">$1,000.00<\/td>\n<td width=\"120\">7<\/td>\n<td width=\"171\">(434)1064311 &#8211; 4345624817<\/td>\n<\/tr>\n<tr>\n<td width=\"244\" height=\"40\">HOTEL MITZITA<\/td>\n<td width=\"164\">CALLE MORELOS N#11<\/td>\n<td width=\"124\">2<\/td>\n<td width=\"127\">$350.00<\/td>\n<td width=\"120\">16<\/td>\n<td width=\"171\">(434)3425570<\/td>\n<\/tr>\n<tr>\n<td width=\"244\" height=\"40\">EL MIRADOR<\/td>\n<td width=\"164\">JANITZIO<\/td>\n<td width=\"124\">1<\/td>\n<td width=\"127\">$500.00<\/td>\n<td width=\"120\">13<\/td>\n<td width=\"171\">4341104872<\/td>\n<\/tr>\n<tr>\n<td width=\"244\" height=\"40\">FINCA MONARCA<\/td>\n<td width=\"164\">JANITZIO<\/td>\n<td width=\"124\">1<\/td>\n<td width=\"127\">$1,000.00<\/td>\n<td width=\"120\">4 Caba\u00f1as<\/td>\n<td width=\"171\">4341164053<\/td>\n<\/tr>\n<tr>\n<td width=\"244\" height=\"40\">TERUNUCUA<\/td>\n<td width=\"164\">JANITZIO<\/td>\n<td width=\"124\">1<\/td>\n<td width=\"127\">$800.00<\/td>\n<td width=\"120\">15<\/td>\n<td width=\"171\">4341204216<\/td>\n<\/tr>\n<tr>\n<td width=\"244\" height=\"40\">TZIPECUA<\/td>\n<td width=\"164\">JANITZIO<\/td>\n<td width=\"124\">1<\/td>\n<td width=\"127\">$1,200.00<\/td>\n<td width=\"120\">3<\/td>\n<td width=\"171\">4341026408<\/td>\n<\/tr>\n<tr>\n<td width=\"244\" height=\"40\">CABA\u00d1AS DE YUNUEN<\/td>\n<td width=\"164\">ISLA DE YUNUEN<\/td>\n<td width=\"124\">2<\/td>\n<td width=\"127\"><\/td>\n<td width=\"120\">10<\/td>\n<td width=\"171\">4341064402<\/td>\n<\/tr>\n<tr>\n<td width=\"244\" height=\"40\">CABA\u00d1AS DEL MUELLE LAS GARZAS<\/td>\n<td width=\"164\">MUELLE LAS GARZAS<\/td>\n<td width=\"124\">3<\/td>\n<td width=\"127\">$1,000.00<\/td>\n<td width=\"120\">7<\/td>\n<td width=\"171\">4343450700<\/td>\n<\/tr>\n<tr>\n<td width=\"244\" height=\"40\">EL EDEN<\/td>\n<td width=\"164\">Dr.Coss n\u00ba 8 centro P\u00e1tzcuaro<\/td>\n<td width=\"124\">BOUTIQUE<\/td>\n<td width=\"127\">$2,600.00<\/td>\n<td width=\"120\">9<\/td>\n<td width=\"171\">4343422724<\/td>\n<\/tr>\n<tr>\n<td width=\"244\" height=\"40\">CASA LAVANDA<\/td>\n<td width=\"164\">Lerin n\u00ba 101 centro p\u00e1tzcuaro<\/td>\n<td width=\"124\">BOUTIQUE<\/td>\n<td width=\"127\">$<\/td>\n<td width=\"120\"><\/td>\n<td width=\"171\">4341547281\/4341887687<\/td>\n<\/tr>\n<\/tbody>\n<\/table>\n","protected":false},"excerpt":{"rendered":"<p>HOTEL DIRECCI\u00d3N CATEGOR\u00cdA TARIFA PROMEDIO TOTAL DE HABITACIONES TEL\u00c9FONO CASA DE LA REAL ADUANA PONCE DE LEON #16 CATEGORIA ESPECIAL $3,000.00 4 (434)3420265 HOTEL LA SIRANDA DR. COSS #17 CATEGORIA ESPECIAL $4,000.00 5 (434)3426717 LA CASA ENCANTADA DR. COSS #15 CATEGORIA ESPECIAL $1,175.00 14 (434)3423492 ESTANCIA LA ERA ESPEJO #160 HOTEL BOUTIQUE $1,295.00 7 4343427801 [&hellip;]<\/p>\n","protected":false},"author":1,"featured_media":0,"parent":0,"menu_order":0,"comment_status":"closed","ping_status":"closed","template":"","meta":[],"_links":{"self":[{"href":"https:\/\/cantoyafest.mx\/index.php\/wp-json\/wp\/v2\/pages\/62"}],"collection":[{"href":"https:\/\/cantoyafest.mx\/index.php\/wp-json\/wp\/v2\/pages"}],"about":[{"href":"https:\/\/cantoyafest.mx\/index.php\/wp-json\/wp\/v2\/types\/page"}],"author":[{"embeddable":true,"href":"https:\/\/cantoyafest.mx\/index.php\/wp-json\/wp\/v2\/users\/1"}],"replies":[{"embeddable":true,"href":"https:\/\/cantoyafest.mx\/index.php\/wp-json\/wp\/v2\/comments?post=62"}],"version-history":[{"count":9,"href":"https:\/\/cantoyafest.mx\/index.php\/wp-json\/wp\/v2\/pages\/62\/revisions"}],"predecessor-version":[{"id":377,"href":"https:\/\/cantoyafest.mx\/index.php\/wp-json\/wp\/v2\/pages\/62\/revisions\/377"}],"wp:attachment":[{"href":"https:\/\/cantoyafest.mx\/index.php\/wp-json\/wp\/v2\/media?parent=62"}],"curies":[{"name":"wp","href":"https:\/\/api.w.org\/{rel}","templated":true}]}}